{"id":1085626,"date":"2024-06-28T19:22:26","date_gmt":"2024-06-28T19:22:26","guid":{"rendered":"http:\/\/sunulex.sn\/?page_id=1085626"},"modified":"2026-04-10T21:47:19","modified_gmt":"2026-04-10T21:47:19","slug":"juridische-informatie-over-het-senegalese-recht-etohada","status":"publish","type":"page","link":"https:\/\/sunulex.sn\/nl\/informations-juridiques-sur-le-droit-senegalais-etohada\/","title":{"rendered":"Juridische informatie"},"content":{"rendered":"<p><div class=\"et_d4_element et_pb_section et_pb_section_0 et_pb_with_background  et_pb_css_mix_blend_mode et_section_regular et_block_section\" >\n\t\t\t\t\n\t\t\t\t\n\t\t\t\t\n\t\t\t\t\n\t\t\t\t\n\t\t\t\t\n\t\t\t\t<div class=\"et_d4_element et_pb_row et_pb_row_0  et_pb_css_mix_blend_mode et_block_row\">\n\t\t\t\t<div class=\"et_d4_element et_pb_column_4_4 et_pb_column et_pb_column_0  et_pb_css_mix_blend_mode et-last-child et_block_column\">\n\t\t\t\t\n\t\t\t\t\n\t\t\t\t\n\t\t\t\t\n\t\t\t\t<div class=\"et_pb_module et_d4_element et_pb_text et_pb_text_0 et_animated  et_pb_text_align_center et_pb_bg_layout_dark\">\n\t\t\t\t\n\t\t\t\t\n\t\t\t\t\n\t\t\t\t\n\t\t\t\t<div class=\"et_pb_text_inner\"><h1>\u00a0De blog<\/h1><\/div>\n\t\t\t<\/div>\n\t\t\t<\/div>\n\t\t\t\t\n\t\t\t\t\n\t\t\t\t\n\t\t\t\t\n\t\t\t<\/div>\n\t\t\t\t\n\t\t\t\t\n\t\t\t<\/div><div class=\"et_d4_element et_pb_section et_pb_section_1 et_pb_with_background  et_pb_css_mix_blend_mode et_section_regular et_block_section\" >\n\t\t\t\t\n\t\t\t\t\n\t\t\t\t\n\t\t\t\t\n\t\t\t\t\n\t\t\t\t\n\t\t\t\t<div class=\"et_d4_element et_pb_row et_pb_row_1 et_pb_equal_columns  et_pb_css_mix_blend_mode et_block_row\">\n\t\t\t\t<div class=\"et_d4_element et_pb_column_4_4 et_pb_column et_pb_column_1  et_pb_css_mix_blend_mode et-last-child et_block_column\">\n\t\t\t\t\n\t\t\t\t\n\t\t\t\t\n\t\t\t\t\n\t\t\t\t<div class=\"et_pb_with_border et_pb_module et_d4_element et_pb_blog_0 et_animated  et_pb_css_mix_blend_mode et_pb_blog_grid_wrapper et_pb_bg_layout_light\">\n\t\t\t\t\t<div class=\"et_pb_blog_grid clearfix\">\n\t\t\t\t\t\n\t\t\t\t\t\n\t\t\t\t\t\n\t\t\t\t\t\n\t\t\t\t\t<div class=\"et_pb_ajax_pagination_container\">\n\t\t\t\t\t\t<div class=\"et_pb_salvattore_content\" data-columns>\n\t\t\t<article id=\"post-1087000\" class=\"et_pb_post clearfix et_pb_no_thumb et_pb_blog_item_0_0 post-1087000 post type-post status-publish format-standard hentry category-uncategorized\">\n\n\t\t\t\t\n\t\t\t\t\t\t\t\t\t\t\t\t\t\t<h2 class=\"entry-title\">\n\t\t\t\t\t\t\t\t\t\t\t\t\t<a href=\"https:\/\/sunulex.sn\/nl\/investir-au-senegal\/\">Investeren in Senegal: een juridische gids voor het opzetten en verzekeren van een bedrijf<\/a>\n\t\t\t\t\t\t\t\t\t\t\t<\/h2>\n\t\t\t\t\n\t\t\t\t\t<p class=\"post-meta\">by <span class=\"author vcard\"><a href=\"https:\/\/sunulex.sn\/nl\/author\/auehh\/\" title=\"Posts by Sunulex Lawyers\" rel=\"author\">Sunulex Advocaten<\/a><\/span> | <a href=\"https:\/\/sunulex.sn\/nl\/category\/uncategorized\/\" rel=\"tag\">Uncategorized<\/a><\/p><div class=\"post-content\"><div class=\"post-content-inner\"><\/div><a href=\"https:\/\/sunulex.sn\/nl\/investir-au-senegal\/\" class=\"more-link\">read more<\/a><\/div>\t\t\t\n\t\t\t<\/article>\n\t\t\t\t\n\t\t\t<article id=\"post-1086943\" class=\"et_pb_post clearfix et_pb_no_thumb et_pb_blog_item_0_1 post-1086943 post type-post status-publish format-standard hentry category-uncategorized\">\n\n\t\t\t\t\n\t\t\t\t\t\t\t\t\t\t\t\t\t\t<h2 class=\"entry-title\">\n\t\t\t\t\t\t\t\t\t\t\t\t\t<a href=\"https:\/\/sunulex.sn\/nl\/creer-restructurer-entreprise-senegal\/\">Hoe kun je je bedrijf succesvol opzetten en herstructureren in Senegal?<\/a>\n\t\t\t\t\t\t\t\t\t\t\t<\/h2>\n\t\t\t\t\n\t\t\t\t\t<p class=\"post-meta\">by <span class=\"author vcard\"><a href=\"https:\/\/sunulex.sn\/nl\/author\/auehh\/\" title=\"Posts by Sunulex Lawyers\" rel=\"author\">Sunulex Advocaten<\/a><\/span> | <a href=\"https:\/\/sunulex.sn\/nl\/category\/uncategorized\/\" rel=\"tag\">Uncategorized<\/a><\/p><div class=\"post-content\"><div class=\"post-content-inner\"><p>Le S\u00e9n\u00e9gal s\u2019impose aujourd\u2019hui comme l\u2019une des destinations les plus attractives pour les entrepreneurs et les investisseurs en Afrique de l\u2019Ouest. Gr\u00e2ce \u00e0 une stabilit\u00e9 politique reconnue, une \u00e9conomie en croissance et un cadre juridique harmonis\u00e9 par l\u2019Organisation...<\/p>\n<\/div><a href=\"https:\/\/sunulex.sn\/nl\/creer-restructurer-entreprise-senegal\/\" class=\"more-link\">read more<\/a><\/div>\t\t\t\n\t\t\t<\/article>\n\t\t\t\t\n\t\t\t<article id=\"post-1086085\" class=\"et_pb_post clearfix et_pb_blog_item_0_2 post-1086085 post type-post status-publish format-standard has-post-thumbnail hentry category-uncategorized\">\n\n\t\t\t\t<div class=\"et_pb_image_container\"><a href=\"https:\/\/sunulex.sn\/nl\/comment-obtenir-un-visa-schengen\/\" class=\"entry-featured-image-url\"><img loading=\"lazy\" decoding=\"async\" src=\"https:\/\/sunulex.sn\/wp-content\/uploads\/2025\/01\/tout-savoir-sur-le-passeport-aviasim-simulateurs-de-vol-400x250.jpg\" alt=\"Hoe krijg ik een Schengenvisum?\" class=\"\" srcset=\"https:\/\/sunulex.sn\/wp-content\/uploads\/2025\/01\/tout-savoir-sur-le-passeport-aviasim-simulateurs-de-vol.jpg 479w, https:\/\/sunulex.sn\/wp-content\/uploads\/2025\/01\/tout-savoir-sur-le-passeport-aviasim-simulateurs-de-vol-400x250.jpg 480w \" sizes=\"(max-width:479px) 479px, 100vw \" width=\"400\" height=\"250\" title=\"\"><\/a><\/div>\n\t\t\t\t\t\t\t\t\t\t\t\t\t\t<h2 class=\"entry-title\">\n\t\t\t\t\t\t\t\t\t\t\t\t\t<a href=\"https:\/\/sunulex.sn\/nl\/comment-obtenir-un-visa-schengen\/\">Hoe krijg ik een Schengenvisum?<\/a>\n\t\t\t\t\t\t\t\t\t\t\t<\/h2>\n\t\t\t\t\n\t\t\t\t\t<p class=\"post-meta\">by <span class=\"author vcard\"><a href=\"https:\/\/sunulex.sn\/nl\/author\/auehh\/\" title=\"Posts by Sunulex Lawyers\" rel=\"author\">Sunulex Advocaten<\/a><\/span> | <a href=\"https:\/\/sunulex.sn\/nl\/category\/uncategorized\/\" rel=\"tag\">Uncategorized<\/a><\/p><div class=\"post-content\"><div class=\"post-content-inner\"><p>Advies en administratieve procedures voor het verkrijgen van een studie-, toeristen- of zakenvisum<br \/>\nHet verkrijgen van een visum voor het Schengengebied, Canada of de Verenigde Staten kan ingewikkeld lijken, maar met de juiste voorbereiding en aandacht voor detail kan het proces worden vereenvoudigd. <\/p>\n<\/div><a href=\"https:\/\/sunulex.sn\/nl\/comment-obtenir-un-visa-schengen\/\" class=\"more-link\">read more<\/a><\/div>\t\t\t\n\t\t\t<\/article>\n\t\t\t\t\n\t\t\t<article id=\"post-1085961\" class=\"et_pb_post clearfix et_pb_blog_item_0_3 post-1085961 post type-post status-publish format-standard has-post-thumbnail hentry category-uncategorized\">\n\n\t\t\t\t<div class=\"et_pb_image_container\"><a href=\"https:\/\/sunulex.sn\/nl\/strategie-de-protection-de-votre-propriete-intellectuelle\/\" class=\"entry-featured-image-url\"><img loading=\"lazy\" decoding=\"async\" src=\"https:\/\/sunulex.sn\/wp-content\/uploads\/2024\/12\/propriete-intellectuelle3-400x250.jpg\" alt=\"Je intellectuele eigendom beschermen: strategie\u00ebn\" class=\"\" srcset=\"https:\/\/sunulex.sn\/wp-content\/uploads\/2024\/12\/propriete-intellectuelle3.jpg 479w, https:\/\/sunulex.sn\/wp-content\/uploads\/2024\/12\/propriete-intellectuelle3-400x250.jpg 480w \" sizes=\"(max-width:479px) 479px, 100vw \" width=\"400\" height=\"250\" title=\"\"><\/a><\/div>\n\t\t\t\t\t\t\t\t\t\t\t\t\t\t<h2 class=\"entry-title\">\n\t\t\t\t\t\t\t\t\t\t\t\t\t<a href=\"https:\/\/sunulex.sn\/nl\/strategie-de-protection-de-votre-propriete-intellectuelle\/\">Je intellectuele eigendom beschermen: strategie\u00ebn<\/a>\n\t\t\t\t\t\t\t\t\t\t\t<\/h2>\n\t\t\t\t\n\t\t\t\t\t<p class=\"post-meta\">by <span class=\"author vcard\"><a href=\"https:\/\/sunulex.sn\/nl\/author\/auehh\/\" title=\"Posts by Sunulex Lawyers\" rel=\"author\">Sunulex Advocaten<\/a><\/span> | <a href=\"https:\/\/sunulex.sn\/nl\/category\/uncategorized\/\" rel=\"tag\">Uncategorized<\/a><\/p><div class=\"post-content\"><div class=\"post-content-inner\"><p>Het beschermen van je intellectuele eigendom, zoals originele werken, handelsmerken, handelsgeheimen en databases, is essentieel voor je bedrijf en voor makers. Hier volgt een overzicht van de belangrijkste concepten met betrekking tot deze bescherming en...<\/p>\n<\/div><a href=\"https:\/\/sunulex.sn\/nl\/strategie-de-protection-de-votre-propriete-intellectuelle\/\" class=\"more-link\">read more<\/a><\/div>\t\t\t\n\t\t\t<\/article>\n\t\t\t\t\n\t\t\t<article id=\"post-1085946\" class=\"et_pb_post clearfix et_pb_blog_item_0_4 post-1085946 post type-post status-publish format-standard has-post-thumbnail hentry category-uncategorized\">\n\n\t\t\t\t<div class=\"et_pb_image_container\"><a href=\"https:\/\/sunulex.sn\/nl\/la-gestion-des-contrats\/\" class=\"entry-featured-image-url\"><img loading=\"lazy\" decoding=\"async\" src=\"https:\/\/sunulex.sn\/wp-content\/uploads\/2024\/12\/https3a2f2felements-1-22-400x250.jpg\" alt=\"Je civiele en commerci\u00eble contracten beheren\" class=\"\" srcset=\"https:\/\/sunulex.sn\/wp-content\/uploads\/2024\/12\/https3a2f2felements-1-22.jpg 479w, https:\/\/sunulex.sn\/wp-content\/uploads\/2024\/12\/https3a2f2felements-1-22-400x250.jpg 480w \" sizes=\"(max-width:479px) 479px, 100vw \" width=\"400\" height=\"250\" title=\"\"><\/a><\/div>\n\t\t\t\t\t\t\t\t\t\t\t\t\t\t<h2 class=\"entry-title\">\n\t\t\t\t\t\t\t\t\t\t\t\t\t<a href=\"https:\/\/sunulex.sn\/nl\/la-gestion-des-contrats\/\">Je civiele en commerci\u00eble contracten beheren<\/a>\n\t\t\t\t\t\t\t\t\t\t\t<\/h2>\n\t\t\t\t\n\t\t\t\t\t<p class=\"post-meta\">by <span class=\"author vcard\"><a href=\"https:\/\/sunulex.sn\/nl\/author\/auehh\/\" title=\"Posts by Sunulex Lawyers\" rel=\"author\">Sunulex Advocaten<\/a><\/span> | <a href=\"https:\/\/sunulex.sn\/nl\/category\/uncategorized\/\" rel=\"tag\">Uncategorized<\/a><\/p><div class=\"post-content\"><div class=\"post-content-inner\"><p>Het opstellen van juridische documenten zoals partnerschapsovereenkomsten, geheimhoudingsovereenkomsten, huurovereenkomsten, algemene gebruiks- en verkoopvoorwaarden, arbeidsovereenkomsten, partnerschapsovereenkomsten en franchiseovereenkomsten is essentieel om de...<\/p>\n<\/div><a href=\"https:\/\/sunulex.sn\/nl\/la-gestion-des-contrats\/\" class=\"more-link\">read more<\/a><\/div>\t\t\t\n\t\t\t<\/article>\n\t\t\t\t\n\t\t\t<article id=\"post-1085922\" class=\"et_pb_post clearfix et_pb_blog_item_0_5 post-1085922 post type-post status-publish format-standard has-post-thumbnail hentry category-uncategorized\">\n\n\t\t\t\t<div class=\"et_pb_image_container\"><a href=\"https:\/\/sunulex.sn\/nl\/creation-et-structuration-dune-societe-en-zone-ohada\/\" class=\"entry-featured-image-url\"><img loading=\"lazy\" decoding=\"async\" src=\"https:\/\/sunulex.sn\/wp-content\/uploads\/2024\/12\/structure-hierarchique-avantages-400x250.webp\" alt=\"Een bedrijf opzetten en structureren in de OHADA-zone\" class=\"\" srcset=\"https:\/\/sunulex.sn\/wp-content\/uploads\/2024\/12\/structure-hierarchique-avantages.webp 479w, https:\/\/sunulex.sn\/wp-content\/uploads\/2024\/12\/structure-hierarchique-avantages-400x250.webp 480w \" sizes=\"(max-width:479px) 479px, 100vw \" width=\"400\" height=\"250\" title=\"\"><\/a><\/div>\n\t\t\t\t\t\t\t\t\t\t\t\t\t\t<h2 class=\"entry-title\">\n\t\t\t\t\t\t\t\t\t\t\t\t\t<a href=\"https:\/\/sunulex.sn\/nl\/creation-et-structuration-dune-societe-en-zone-ohada\/\">Een bedrijf opzetten en structureren in de OHADA-zone<\/a>\n\t\t\t\t\t\t\t\t\t\t\t<\/h2>\n\t\t\t\t\n\t\t\t\t\t<p class=\"post-meta\">by <span class=\"author vcard\"><a href=\"https:\/\/sunulex.sn\/nl\/author\/auehh\/\" title=\"Posts by Sunulex Lawyers\" rel=\"author\">Sunulex Advocaten<\/a><\/span> | <a href=\"https:\/\/sunulex.sn\/nl\/category\/uncategorized\/\" rel=\"tag\">Uncategorized<\/a><\/p><div class=\"post-content\"><div class=\"post-content-inner\"><p>Het oprichten, structureren en afstoten van rechtspersonen zoals vennootschappen, dochterondernemingen, filialen en NGO's in het OHADA-gebied (Organisation pour l'Harmonisation en Afrique du Droit des Affaires) zijn complexe processen die een grondig begrip vereisen van de...<\/p>\n<\/div><a href=\"https:\/\/sunulex.sn\/nl\/creation-et-structuration-dune-societe-en-zone-ohada\/\" class=\"more-link\">read more<\/a><\/div>\t\t\t\n\t\t\t<\/article>\n\t\t\t\t\n\t\t\t<article id=\"post-1085785\" class=\"et_pb_post clearfix et_pb_blog_item_0_6 post-1085785 post type-post status-publish format-standard has-post-thumbnail hentry category-uncategorized\">\n\n\t\t\t\t<div class=\"et_pb_image_container\"><a href=\"https:\/\/sunulex.sn\/nl\/le-licenciement-pour-motif-economique-au-senegal\/\" class=\"entry-featured-image-url\"><img loading=\"lazy\" decoding=\"async\" src=\"https:\/\/sunulex.sn\/wp-content\/uploads\/2024\/07\/Licenciement-economique-Senegal-400x250.jpeg\" alt=\"Ontslag om economische redenen in Senegal\" class=\"\" srcset=\"https:\/\/sunulex.sn\/wp-content\/uploads\/2024\/07\/Licenciement-economique-Senegal.jpeg 479w, https:\/\/sunulex.sn\/wp-content\/uploads\/2024\/07\/Licenciement-economique-Senegal-400x250.jpeg 480w \" sizes=\"(max-width:479px) 479px, 100vw \" width=\"400\" height=\"250\" title=\"\"><\/a><\/div>\n\t\t\t\t\t\t\t\t\t\t\t\t\t\t<h2 class=\"entry-title\">\n\t\t\t\t\t\t\t\t\t\t\t\t\t<a href=\"https:\/\/sunulex.sn\/nl\/le-licenciement-pour-motif-economique-au-senegal\/\">Ontslag om economische redenen in Senegal<\/a>\n\t\t\t\t\t\t\t\t\t\t\t<\/h2>\n\t\t\t\t\n\t\t\t\t\t<p class=\"post-meta\">by <span class=\"author vcard\"><a href=\"https:\/\/sunulex.sn\/nl\/author\/auehh\/\" title=\"Posts by Sunulex Lawyers\" rel=\"author\">Sunulex Advocaten<\/a><\/span> | <a href=\"https:\/\/sunulex.sn\/nl\/category\/uncategorized\/\" rel=\"tag\">Uncategorized<\/a><\/p><div class=\"post-content\"><div class=\"post-content-inner\"><p>De redundantieprocedure is verdeeld in de volgende fasen:<br \/>\n1 Een werkgever die om economische redenen overweegt om personeel te ontslaan, moet een vergadering met personeelsvertegenwoordigers beleggen en samen met hen alle mogelijke oplossingen zoeken om de bedreigde banen te behouden. Deze oplossingen zijn bijvoorbeeld arbeidstijdverkorting, arbeidstijdverkorting, herplaatsing, enz.<\/p>\n<\/div><a href=\"https:\/\/sunulex.sn\/nl\/le-licenciement-pour-motif-economique-au-senegal\/\" class=\"more-link\">read more<\/a><\/div>\t\t\t\n\t\t\t<\/article>\n\t\t\t\t\n\t\t\t<article id=\"post-183\" class=\"et_pb_post clearfix et_pb_blog_item_0_7 post-183 post type-post status-publish format-standard has-post-thumbnail hentry category-uncategorized\">\n\n\t\t\t\t<div class=\"et_pb_image_container\"><a href=\"https:\/\/sunulex.sn\/nl\/comment-creer-une-ong-au-senegal\/\" class=\"entry-featured-image-url\"><img loading=\"lazy\" decoding=\"async\" src=\"https:\/\/sunulex.sn\/wp-content\/uploads\/2024\/06\/Comment-creer-son-ONG-au-Senegal-400x250.jpg\" alt=\"Een NGO oprichten in Senegal\" class=\"\" srcset=\"https:\/\/sunulex.sn\/wp-content\/uploads\/2024\/06\/Comment-creer-son-ONG-au-Senegal.jpg 479w, https:\/\/sunulex.sn\/wp-content\/uploads\/2024\/06\/Comment-creer-son-ONG-au-Senegal-400x250.jpg 480w \" sizes=\"(max-width:479px) 479px, 100vw \" width=\"400\" height=\"250\" title=\"\"><\/a><\/div>\n\t\t\t\t\t\t\t\t\t\t\t\t\t\t<h2 class=\"entry-title\">\n\t\t\t\t\t\t\t\t\t\t\t\t\t<a href=\"https:\/\/sunulex.sn\/nl\/comment-creer-une-ong-au-senegal\/\">Een NGO oprichten in Senegal<\/a>\n\t\t\t\t\t\t\t\t\t\t\t<\/h2>\n\t\t\t\t\n\t\t\t\t\t<p class=\"post-meta\">by <span class=\"author vcard\"><a href=\"https:\/\/sunulex.sn\/nl\/author\/auehh\/\" title=\"Posts by Sunulex Lawyers\" rel=\"author\">Sunulex Advocaten<\/a><\/span> | <a href=\"https:\/\/sunulex.sn\/nl\/category\/uncategorized\/\" rel=\"tag\">Uncategorized<\/a><\/p><div class=\"post-content\"><div class=\"post-content-inner\"><p>Om als NGO erkend te worden, moet de vereniging minstens twee jaar bestaan. De aanvraag voor goedkeuring wordt naar de minister van Binnenlandse Zaken gestuurd. Goedkeuring verleent belastingvoordelen op apparatuur die wordt gebruikt om investeringen te doen, voor een periode van twee jaar. De NGO geniet vrijstelling van rechten en belastingen op apparatuur die wordt ge\u00efmporteerd of lokaal wordt aangekocht. Ook voertuigen die worden ge\u00efmporteerd of lokaal worden aangeschaft, zijn vrijgesteld van invoerrechten en belastingen.<\/p>\n<\/div><a href=\"https:\/\/sunulex.sn\/nl\/comment-creer-une-ong-au-senegal\/\" class=\"more-link\">read more<\/a><\/div>\t\t\t\n\t\t\t<\/article>\n\t\t\t\t\n\t\t\t<article id=\"post-177\" class=\"et_pb_post clearfix et_pb_blog_item_0_8 post-177 post type-post status-publish format-standard has-post-thumbnail hentry category-uncategorized\">\n\n\t\t\t\t<div class=\"et_pb_image_container\"><a href=\"https:\/\/sunulex.sn\/nl\/le-pacte-dactionnaires-ou-dassocies\/\" class=\"entry-featured-image-url\"><img loading=\"lazy\" decoding=\"async\" src=\"https:\/\/sunulex.sn\/wp-content\/uploads\/2024\/06\/Le-pacte-dassocies-shareholders-disagreement.jpg-400x250.webp\" alt=\"Aandeelhouders- of partnerschapsovereenkomst\" class=\"\" srcset=\"https:\/\/sunulex.sn\/wp-content\/uploads\/2024\/06\/Le-pacte-dassocies-shareholders-disagreement.jpg.webp 479w, https:\/\/sunulex.sn\/wp-content\/uploads\/2024\/06\/Le-pacte-dassocies-shareholders-disagreement.jpg-400x250.webp 480w \" sizes=\"(max-width:479px) 479px, 100vw \" width=\"400\" height=\"250\" title=\"\"><\/a><\/div>\n\t\t\t\t\t\t\t\t\t\t\t\t\t\t<h2 class=\"entry-title\">\n\t\t\t\t\t\t\t\t\t\t\t\t\t<a href=\"https:\/\/sunulex.sn\/nl\/le-pacte-dactionnaires-ou-dassocies\/\">Aandeelhouders- of partnerschapsovereenkomst<\/a>\n\t\t\t\t\t\t\t\t\t\t\t<\/h2>\n\t\t\t\t\n\t\t\t\t\t<p class=\"post-meta\">by <span class=\"author vcard\"><a href=\"https:\/\/sunulex.sn\/nl\/author\/auehh\/\" title=\"Posts by Sunulex Lawyers\" rel=\"author\">Sunulex Advocaten<\/a><\/span> | <a href=\"https:\/\/sunulex.sn\/nl\/category\/uncategorized\/\" rel=\"tag\">Uncategorized<\/a><\/p><div class=\"post-content\"><div class=\"post-content-inner\"><p>Een aandeelhouders- of vennotenovereenkomst is een contract dat wordt gesloten tussen de vennoten of aandeelhouders van een bedrijf om de relaties tussen de vennoten\/aandeelhouders en met derden te organiseren en hun belangen te beschermen. In de aandeelhouders- of vennotenovereenkomst kunnen ook de bestuursprocedures van het bedrijf en de mechanismen voor het voorkomen en oplossen van conflicten worden vastgelegd. De aandeelhouders- of vennotenovereenkomst is een aanvulling op de statuten van het bedrijf. In tegenstelling tot de statuten, die openbare documenten zijn, is de aandeelhoudersovereenkomst een priv\u00e9contract dat een zekere mate van vertrouwelijkheid garandeert.<\/p>\n<\/div><a href=\"https:\/\/sunulex.sn\/nl\/le-pacte-dactionnaires-ou-dassocies\/\" class=\"more-link\">read more<\/a><\/div>\t\t\t\n\t\t\t<\/article>\n\t\t\t\t<\/div><div><div class=\"pagination clearfix\">\n\t<div class=\"alignleft\"><a href=\"https:\/\/sunulex.sn\/nl\/wp-json\/wp\/v2\/pages\/1085626\/page\/2\/?et_blog\" >&laquo; Older Entries<\/a><\/div>\n\t<div class=\"alignright\"><\/div>\n<\/div><\/div><\/div>\n\t\t\t\t\t<\/div>\n\t\t\t\t\t \n\t\t\t\t<\/div>\n\t\t\t<\/div>\n\t\t\t\t\n\t\t\t\t\n\t\t\t\t\n\t\t\t\t\n\t\t\t<\/div>\n\t\t\t\t\n\t\t\t\t\n\t\t\t<\/div><\/p>","protected":false},"excerpt":{"rendered":"","protected":false},"author":1,"featured_media":0,"parent":0,"menu_order":0,"comment_status":"closed","ping_status":"closed","template":"","meta":{"_acf_changed":false,"om_disable_all_campaigns":false,"_monsterinsights_skip_tracking":false,"_monsterinsights_sitenote_active":false,"_monsterinsights_sitenote_note":"","_monsterinsights_sitenote_category":0,"_kadence_starter_templates_imported_post":false,"_et_pb_use_builder":"on","_et_pb_old_content":"","_et_gb_content_width":"","footnotes":""},"class_list":["post-1085626","page","type-page","status-publish","hentry"],"acf":[],"amp_enabled":true,"_links":{"self":[{"href":"https:\/\/sunulex.sn\/nl\/wp-json\/wp\/v2\/pages\/1085626","targetHints":{"allow":["GET"]}}],"collection":[{"href":"https:\/\/sunulex.sn\/nl\/wp-json\/wp\/v2\/pages"}],"about":[{"href":"https:\/\/sunulex.sn\/nl\/wp-json\/wp\/v2\/types\/page"}],"author":[{"embeddable":true,"href":"https:\/\/sunulex.sn\/nl\/wp-json\/wp\/v2\/users\/1"}],"replies":[{"embeddable":true,"href":"https:\/\/sunulex.sn\/nl\/wp-json\/wp\/v2\/comments?post=1085626"}],"version-history":[{"count":13,"href":"https:\/\/sunulex.sn\/nl\/wp-json\/wp\/v2\/pages\/1085626\/revisions"}],"predecessor-version":[{"id":1087424,"href":"https:\/\/sunulex.sn\/nl\/wp-json\/wp\/v2\/pages\/1085626\/revisions\/1087424"}],"wp:attachment":[{"href":"https:\/\/sunulex.sn\/nl\/wp-json\/wp\/v2\/media?parent=1085626"}],"curies":[{"name":"wp","href":"https:\/\/api.w.org\/{rel}","templated":true}]}}